{"id":309,"date":"2020-01-13T11:17:52","date_gmt":"2020-01-13T11:17:52","guid":{"rendered":"https:\/\/demosites.io\/web-agency-gb\/?page_id=5"},"modified":"2026-04-12T11:19:22","modified_gmt":"2026-04-12T09:19:22","slug":"15c42-web-agency-gb-home","status":"publish","type":"page","link":"https:\/\/kcuri.ch\/site\/","title":{"rendered":"Home"},"content":{"rendered":"\t\t<div data-elementor-type=\"wp-page\" data-elementor-id=\"309\" class=\"elementor elementor-309\">\n\t\t\t\t<div class=\"elementor-element elementor-element-19e278eb e-con-full e-flex e-con e-parent\" data-id=\"19e278eb\" data-element_type=\"container\" data-e-type=\"container\" data-settings=\"{&quot;background_background&quot;:&quot;classic&quot;}\">\n\t\t<div class=\"elementor-element elementor-element-017af24 e-con-full e-flex e-con e-child\" data-id=\"017af24\" data-element_type=\"container\" data-e-type=\"container\" data-settings=\"{&quot;background_background&quot;:&quot;slideshow&quot;,&quot;background_slideshow_gallery&quot;:[{&quot;id&quot;:407,&quot;url&quot;:&quot;https:\\\/\\\/laokoon.ch\\\/site\\\/wp-content\\\/uploads\\\/2024\\\/02\\\/Uri-panorama-2-scaled.jpg&quot;},{&quot;id&quot;:406,&quot;url&quot;:&quot;https:\\\/\\\/laokoon.ch\\\/site\\\/wp-content\\\/uploads\\\/2024\\\/02\\\/Kajaker-panorama-scaled.jpg&quot;},{&quot;id&quot;:405,&quot;url&quot;:&quot;https:\\\/\\\/laokoon.ch\\\/site\\\/wp-content\\\/uploads\\\/2024\\\/02\\\/Uri-panorama-scaled.jpg&quot;}],&quot;background_slideshow_loop&quot;:&quot;yes&quot;,&quot;background_slideshow_slide_duration&quot;:5000,&quot;background_slideshow_slide_transition&quot;:&quot;fade&quot;,&quot;background_slideshow_transition_duration&quot;:500}\">\n\t\t\t\t<div class=\"elementor-element elementor-element-0049cb3 elementor-widget elementor-widget-spacer\" data-id=\"0049cb3\" data-element_type=\"widget\" data-e-type=\"widget\" data-widget_type=\"spacer.default\">\n\t\t\t\t<div class=\"elementor-widget-container\">\n\t\t\t\t\t\t\t<div class=\"elementor-spacer\">\n\t\t\t<div class=\"elementor-spacer-inner\"><\/div>\n\t\t<\/div>\n\t\t\t\t\t\t<\/div>\n\t\t\t\t<\/div>\n\t\t\t\t<\/div>\n\t\t<div class=\"elementor-element elementor-element-82357b4 e-con-full e-flex e-con e-child\" data-id=\"82357b4\" data-element_type=\"container\" data-e-type=\"container\" data-settings=\"{&quot;background_background&quot;:&quot;classic&quot;}\">\n\t\t\t\t<div class=\"elementor-element elementor-element-140d399 elementor-widget elementor-widget-heading\" data-id=\"140d399\" data-element_type=\"widget\" data-e-type=\"widget\" data-widget_type=\"heading.default\">\n\t\t\t\t<div class=\"elementor-widget-container\">\n\t\t\t\t\t<h2 class=\"elementor-heading-title elementor-size-default\">Herzlich willkommen beim Kanu Club Uri<\/h2>\t\t\t\t<\/div>\n\t\t\t\t<\/div>\n\t\t\t\t<\/div>\n\t\t\t\t<\/div>\n\t\t<div class=\"elementor-element elementor-element-6211277 e-flex e-con-boxed e-con e-parent\" data-id=\"6211277\" data-element_type=\"container\" data-e-type=\"container\" data-settings=\"{&quot;background_background&quot;:&quot;classic&quot;}\">\n\t\t\t\t\t<div class=\"e-con-inner\">\n\t\t<div class=\"elementor-element elementor-element-415636a e-con-full e-flex e-con e-child\" data-id=\"415636a\" data-element_type=\"container\" data-e-type=\"container\" data-settings=\"{&quot;background_background&quot;:&quot;classic&quot;}\">\n\t\t\t\t<div class=\"elementor-element elementor-element-8db9acd elementor-widget elementor-widget-text-editor\" data-id=\"8db9acd\" data-element_type=\"widget\" data-e-type=\"widget\" data-settings=\"{&quot;_animation&quot;:&quot;none&quot;}\" data-widget_type=\"text-editor.default\">\n\t\t\t\t<div class=\"elementor-widget-container\">\n\t\t\t\t\t\t\t\t\t<p>Der Kanu Club Uri ist ein kleiner, sehr famili\u00e4rer Kanusportverein im Herzen der Zentralschweiz. Der malerische Urnersee und die abenteuerliche Reuss bieten optimale Voraussetzungen f\u00fcr den Kanusport.<\/p><p>Unser Kajakfokus liegt auf dem Wildwasser-Breitensport und Playboating. Tolle Outdoor- und Natur- Erlebnisse und der Spass stehen im Vordergrund.<\/p><p>Unsere <a href=\"#training\"><strong><em>Clubtrainings<\/em><\/strong><\/a> finden regelm\u00e4ssig das ganze Jahr \u00fcber statt. Ausserdem haben wir ein abwechslungsreiches <a href=\"#jahresprogramm\"><strong><em>Programm<\/em><\/strong><\/a> mit Paddel-Ausfl\u00fcgen und Kajak-Camps.<\/p>\t\t\t\t\t\t\t\t<\/div>\n\t\t\t\t<\/div>\n\t\t\t\t<div class=\"elementor-element elementor-element-0a0f951 elementor-shape-rounded elementor-grid-0 e-grid-align-center elementor-widget elementor-widget-social-icons\" data-id=\"0a0f951\" data-element_type=\"widget\" data-e-type=\"widget\" data-widget_type=\"social-icons.default\">\n\t\t\t\t<div class=\"elementor-widget-container\">\n\t\t\t\t\t\t\t<div class=\"elementor-social-icons-wrapper elementor-grid\" role=\"list\">\n\t\t\t\t\t\t\t<span class=\"elementor-grid-item\" role=\"listitem\">\n\t\t\t\t\t<a class=\"elementor-icon elementor-social-icon elementor-social-icon-facebook elementor-repeater-item-a7d5af3\" href=\"https:\/\/www.facebook.com\/profile.php?id=100057749706093\" target=\"_blank\">\n\t\t\t\t\t\t<span class=\"elementor-screen-only\">Facebook<\/span>\n\t\t\t\t\t\t<svg aria-hidden=\"true\" class=\"e-font-icon-svg e-fab-facebook\" viewBox=\"0 0 512 512\" xmlns=\"http:\/\/www.w3.org\/2000\/svg\"><path d=\"M504 256C504 119 393 8 256 8S8 119 8 256c0 123.78 90.69 226.38 209.25 245V327.69h-63V256h63v-54.64c0-62.15 37-96.48 93.67-96.48 27.14 0 55.52 4.84 55.52 4.84v61h-31.28c-30.8 0-40.41 19.12-40.41 38.73V256h68.78l-11 71.69h-57.78V501C413.31 482.38 504 379.78 504 256z\"><\/path><\/svg>\t\t\t\t\t<\/a>\n\t\t\t\t<\/span>\n\t\t\t\t\t\t\t<span class=\"elementor-grid-item\" role=\"listitem\">\n\t\t\t\t\t<a class=\"elementor-icon elementor-social-icon elementor-social-icon-instagram elementor-repeater-item-1194f9b\" href=\"https:\/\/www.instagram.com\/kanu_club_uri\/\" target=\"_blank\">\n\t\t\t\t\t\t<span class=\"elementor-screen-only\">Instagram<\/span>\n\t\t\t\t\t\t<svg aria-hidden=\"true\" class=\"e-font-icon-svg e-fab-instagram\" viewBox=\"0 0 448 512\" xmlns=\"http:\/\/www.w3.org\/2000\/svg\"><path d=\"M224.1 141c-63.6 0-114.9 51.3-114.9 114.9s51.3 114.9 114.9 114.9S339 319.5 339 255.9 287.7 141 224.1 141zm0 189.6c-41.1 0-74.7-33.5-74.7-74.7s33.5-74.7 74.7-74.7 74.7 33.5 74.7 74.7-33.6 74.7-74.7 74.7zm146.4-194.3c0 14.9-12 26.8-26.8 26.8-14.9 0-26.8-12-26.8-26.8s12-26.8 26.8-26.8 26.8 12 26.8 26.8zm76.1 27.2c-1.7-35.9-9.9-67.7-36.2-93.9-26.2-26.2-58-34.4-93.9-36.2-37-2.1-147.9-2.1-184.9 0-35.8 1.7-67.6 9.9-93.9 36.1s-34.4 58-36.2 93.9c-2.1 37-2.1 147.9 0 184.9 1.7 35.9 9.9 67.7 36.2 93.9s58 34.4 93.9 36.2c37 2.1 147.9 2.1 184.9 0 35.9-1.7 67.7-9.9 93.9-36.2 26.2-26.2 34.4-58 36.2-93.9 2.1-37 2.1-147.8 0-184.8zM398.8 388c-7.8 19.6-22.9 34.7-42.6 42.6-29.5 11.7-99.5 9-132.1 9s-102.7 2.6-132.1-9c-19.6-7.8-34.7-22.9-42.6-42.6-11.7-29.5-9-99.5-9-132.1s-2.6-102.7 9-132.1c7.8-19.6 22.9-34.7 42.6-42.6 29.5-11.7 99.5-9 132.1-9s102.7-2.6 132.1 9c19.6 7.8 34.7 22.9 42.6 42.6 11.7 29.5 9 99.5 9 132.1s2.7 102.7-9 132.1z\"><\/path><\/svg>\t\t\t\t\t<\/a>\n\t\t\t\t<\/span>\n\t\t\t\t\t<\/div>\n\t\t\t\t\t\t<\/div>\n\t\t\t\t<\/div>\n\t\t\t\t<\/div>\n\t\t<div class=\"elementor-element elementor-element-4f06548 e-con-full e-flex e-con e-child\" data-id=\"4f06548\" data-element_type=\"container\" data-e-type=\"container\">\n\t\t\t\t<div class=\"elementor-element elementor-element-3393246 elementor-invisible elementor-widget elementor-widget-image\" data-id=\"3393246\" data-element_type=\"widget\" data-e-type=\"widget\" data-settings=\"{&quot;_animation&quot;:&quot;lightSpeedIn&quot;}\" data-widget_type=\"image.default\">\n\t\t\t\t<div class=\"elementor-widget-container\">\n\t\t\t\t\t\t\t\t\t\t\t\t\t\t\t<img fetchpriority=\"high\" decoding=\"async\" width=\"300\" height=\"300\" src=\"https:\/\/kcuri.ch\/site\/wp-content\/uploads\/2024\/02\/kculogoblack-300x300.jpg\" class=\"attachment-medium size-medium wp-image-382\" alt=\"\" srcset=\"https:\/\/kcuri.ch\/site\/wp-content\/uploads\/2024\/02\/kculogoblack-300x300.jpg 300w, https:\/\/kcuri.ch\/site\/wp-content\/uploads\/2024\/02\/kculogoblack-150x150.jpg 150w, https:\/\/kcuri.ch\/site\/wp-content\/uploads\/2024\/02\/kculogoblack.jpg 337w\" sizes=\"(max-width: 300px) 100vw, 300px\" \/>\t\t\t\t\t\t\t\t\t\t\t\t\t\t\t<\/div>\n\t\t\t\t<\/div>\n\t\t\t\t<\/div>\n\t\t\t\t\t<\/div>\n\t\t\t\t<\/div>\n\t\t<div class=\"elementor-element elementor-element-9503d0a e-con-full e-flex e-con e-parent\" data-id=\"9503d0a\" data-element_type=\"container\" data-e-type=\"container\" data-settings=\"{&quot;background_background&quot;:&quot;classic&quot;}\">\n\t\t<div class=\"elementor-element elementor-element-e0613be e-flex e-con-boxed e-con e-child\" data-id=\"e0613be\" data-element_type=\"container\" data-e-type=\"container\" data-settings=\"{&quot;background_background&quot;:&quot;classic&quot;}\">\n\t\t\t\t\t<div class=\"e-con-inner\">\n\t\t\t\t<div class=\"elementor-element elementor-element-1f8334c elementor-widget elementor-widget-menu-anchor\" data-id=\"1f8334c\" data-element_type=\"widget\" data-e-type=\"widget\" data-widget_type=\"menu-anchor.default\">\n\t\t\t\t<div class=\"elementor-widget-container\">\n\t\t\t\t\t\t\t<div class=\"elementor-menu-anchor\" id=\"training\"><\/div>\n\t\t\t\t\t\t<\/div>\n\t\t\t\t<\/div>\n\t\t\t\t<div class=\"elementor-element elementor-element-46303cd elementor-widget elementor-widget-heading\" data-id=\"46303cd\" data-element_type=\"widget\" data-e-type=\"widget\" data-widget_type=\"heading.default\">\n\t\t\t\t<div class=\"elementor-widget-container\">\n\t\t\t\t\t<h2 class=\"elementor-heading-title elementor-size-default\">Training<\/h2>\t\t\t\t<\/div>\n\t\t\t\t<\/div>\n\t\t\t\t<div class=\"elementor-element elementor-element-ce06c34 elementor-widget elementor-widget-text-editor\" data-id=\"ce06c34\" data-element_type=\"widget\" data-e-type=\"widget\" data-widget_type=\"text-editor.default\">\n\t\t\t\t<div class=\"elementor-widget-container\">\n\t\t\t\t\t\t\t\t\t<p>Unser Clubtraining findet regelm\u00e4ssig Mittwoch abends um 18.15 Uhr statt.<\/p><p>Gepaddelt wird w\u00e4hrend der Sommersaison auf verschiedenen Abschnitten der Urnerreuss, meist auf unserer Standartstrecke von Amsteg nach Erstfeld. Das Training wird je nach Wetter, Wasserstand und W\u00fcnschen der Teilnehmer angepasst.<br \/>Im Winter wird f\u00fcr alle k\u00e4lteresistenten Kajaker ein Ausdauerpaddeln auf dem Urnersee durchgef\u00fchrt. Ausserdem finden mehrere Hallenbadtrainings zum Erlernen der Kenter-Rolle statt.<br \/>Die Trainingstreffpunkte werden jeweils kurzfristig via Club- Chat abgemacht und je nach Wetter und Wasserstand angepasst.<\/p>\t\t\t\t\t\t\t\t<\/div>\n\t\t\t\t<\/div>\n\t\t<div class=\"elementor-element elementor-element-7eab0c6 e-flex e-con-boxed e-con e-child\" data-id=\"7eab0c6\" data-element_type=\"container\" data-e-type=\"container\" data-settings=\"{&quot;background_background&quot;:&quot;classic&quot;}\">\n\t\t\t\t\t<div class=\"e-con-inner\">\n\t\t\t\t<div class=\"elementor-element elementor-element-40e6889 elementor-widget elementor-widget-menu-anchor\" data-id=\"40e6889\" data-element_type=\"widget\" data-e-type=\"widget\" data-widget_type=\"menu-anchor.default\">\n\t\t\t\t<div class=\"elementor-widget-container\">\n\t\t\t\t\t\t\t<div class=\"elementor-menu-anchor\" id=\"programm\"><\/div>\n\t\t\t\t\t\t<\/div>\n\t\t\t\t<\/div>\n\t\t\t\t<div class=\"elementor-element elementor-element-0d2ff0b elementor-widget elementor-widget-heading\" data-id=\"0d2ff0b\" data-element_type=\"widget\" data-e-type=\"widget\" data-widget_type=\"heading.default\">\n\t\t\t\t<div class=\"elementor-widget-container\">\n\t\t\t\t\t<h2 class=\"elementor-heading-title elementor-size-default\">Jahresprogramm 2026<\/h2>\t\t\t\t<\/div>\n\t\t\t\t<\/div>\n\t\t\t\t<div class=\"elementor-element elementor-element-5e1cd93 elementor-widget elementor-widget-text-editor\" data-id=\"5e1cd93\" data-element_type=\"widget\" data-e-type=\"widget\" data-widget_type=\"text-editor.default\">\n\t\t\t\t<div class=\"elementor-widget-container\">\n\t\t\t\t\t\t\t\t\t<p>Es werden mehrere abwechslungsreiche Ausfl\u00fcge und Kajak-Camps angeboten.<br>Gepaddelt wird auf Wildwasserperlen der Region aber auch in anderen sch\u00f6nen Kanudestinationen.<\/p>\n<p><style> .program { margin-left: auto; margin-right: auto; max-width: 700px; border: 0.3px solid silver; } .program td,th { padding: 2px; border: 0.4px solid silver; padding-left: 4px; } <\/style>\n<\/p>\n<div>\n<table class=\"program\">\n<tbody>\n<tr>\n<th>Datum<\/th>\n<th>Anlass<\/th>\n<\/tr>\n<tr>\n<td>Freitag 10. April<\/td>\n<td>GV mit Nachtessen<\/td>\n<\/tr>\n<tr>\n<td>&nbsp;<\/td>\n<td>Saisonstart Wildwasser<\/td>\n<\/tr>\n<tr>\n<td>23.- 25. Juni<\/td>\n<td>Pfingst- Camp mit KCSchwyz (Jura)<\/td>\n<\/tr>\n<tr>\n<td>12. Juni<br>Ersatzdatum 19. Juni<\/td>\n<td>Furka- Reuss mit KCSchwyz&nbsp;<\/td>\n<\/tr>\n<tr>\n<td>27.- 28. Juni<\/td>\n<td>Event &#8222;G\u00f6scheneralp erleben!&#8220;<\/td>\n<\/tr>\n<tr>\n<td>4.- 5. Juli<\/td>\n<td>Uri&amp;Schwyz Weekend<\/td>\n<\/tr>\n<tr>\n<td>Freitag 28. August<\/td>\n<td>&nbsp;Sunset Tour Brunnen<\/td>\n<\/tr>\n<tr>\n<td>Oktober<\/td>\n<td>Saisonende Wildwasser<\/td>\n<\/tr>\n<tr>\n<td>Freitag 30. Oktober<\/td>\n<td>Raclette- Plausch<\/td>\n<\/tr>\n<\/tbody>\n<\/table>\n<\/div>\n<p>Detail- Infos zu den Ausfl\u00fcgen und Anmeldung jeweils per Club- Chat.<br>Weitere Ausk\u00fcnfte zu KCU Trainings und Ausfl\u00fcgen bei Anna Zberg.<\/p>\t\t\t\t\t\t\t\t<\/div>\n\t\t\t\t<\/div>\n\t\t\t\t\t<\/div>\n\t\t\t\t<\/div>\n\t\t\t\t\t<\/div>\n\t\t\t\t<\/div>\n\t\t\t\t<\/div>\n\t\t<div class=\"elementor-element elementor-element-ce9e58d e-con-full e-flex e-con e-parent\" data-id=\"ce9e58d\" data-element_type=\"container\" data-e-type=\"container\" data-settings=\"{&quot;background_background&quot;:&quot;classic&quot;}\">\n\t\t<div class=\"elementor-element elementor-element-6695c7d e-con-full e-flex e-con e-child\" data-id=\"6695c7d\" data-element_type=\"container\" data-e-type=\"container\" data-settings=\"{&quot;background_background&quot;:&quot;classic&quot;}\">\n\t\t\t\t<div class=\"elementor-element elementor-element-802de5c elementor-arrows-position-inside elementor-pagination-position-outside elementor-widget elementor-widget-image-carousel\" data-id=\"802de5c\" data-element_type=\"widget\" data-e-type=\"widget\" data-settings=\"{&quot;slides_to_show&quot;:&quot;6&quot;,&quot;image_spacing_custom&quot;:{&quot;unit&quot;:&quot;px&quot;,&quot;size&quot;:0,&quot;sizes&quot;:[]},&quot;navigation&quot;:&quot;both&quot;,&quot;autoplay&quot;:&quot;yes&quot;,&quot;pause_on_hover&quot;:&quot;yes&quot;,&quot;pause_on_interaction&quot;:&quot;yes&quot;,&quot;autoplay_speed&quot;:5000,&quot;infinite&quot;:&quot;yes&quot;,&quot;speed&quot;:500,&quot;image_spacing_custom_tablet&quot;:{&quot;unit&quot;:&quot;px&quot;,&quot;size&quot;:&quot;&quot;,&quot;sizes&quot;:[]},&quot;image_spacing_custom_mobile&quot;:{&quot;unit&quot;:&quot;px&quot;,&quot;size&quot;:&quot;&quot;,&quot;sizes&quot;:[]}}\" data-widget_type=\"image-carousel.default\">\n\t\t\t\t<div class=\"elementor-widget-container\">\n\t\t\t\t\t\t\t<div class=\"elementor-image-carousel-wrapper swiper\" role=\"region\" aria-roledescription=\"carousel\" aria-label=\"Bild Karussell\" dir=\"ltr\">\n\t\t\t<div class=\"elementor-image-carousel swiper-wrapper\" aria-live=\"off\">\n\t\t\t\t\t\t\t\t<div class=\"swiper-slide\" role=\"group\" aria-roledescription=\"slide\" aria-label=\"1 von 12\"><figure class=\"swiper-slide-inner\"><img decoding=\"async\" class=\"swiper-slide-image\" src=\"https:\/\/kcuri.ch\/site\/wp-content\/uploads\/2024\/02\/Kayaksonboard2-150x150.jpg\" alt=\"Kayaksonboard2\" \/><\/figure><\/div><div class=\"swiper-slide\" role=\"group\" aria-roledescription=\"slide\" aria-label=\"2 von 12\"><figure class=\"swiper-slide-inner\"><img decoding=\"async\" class=\"swiper-slide-image\" src=\"https:\/\/kcuri.ch\/site\/wp-content\/uploads\/2024\/02\/Kayakers11-150x150.jpg\" alt=\"Kayakers11\" \/><\/figure><\/div><div class=\"swiper-slide\" role=\"group\" aria-roledescription=\"slide\" aria-label=\"3 von 12\"><figure class=\"swiper-slide-inner\"><img decoding=\"async\" class=\"swiper-slide-image\" src=\"https:\/\/kcuri.ch\/site\/wp-content\/uploads\/2024\/02\/Kayakers9-150x150.jpg\" alt=\"Kayakers9\" \/><\/figure><\/div><div class=\"swiper-slide\" role=\"group\" aria-roledescription=\"slide\" aria-label=\"4 von 12\"><figure class=\"swiper-slide-inner\"><img decoding=\"async\" class=\"swiper-slide-image\" src=\"https:\/\/kcuri.ch\/site\/wp-content\/uploads\/2024\/02\/Kayakers10-150x150.jpg\" alt=\"Kayakers10\" \/><\/figure><\/div><div class=\"swiper-slide\" role=\"group\" aria-roledescription=\"slide\" aria-label=\"5 von 12\"><figure class=\"swiper-slide-inner\"><img decoding=\"async\" class=\"swiper-slide-image\" src=\"https:\/\/kcuri.ch\/site\/wp-content\/uploads\/2024\/02\/Kayakers4-150x150.jpg\" alt=\"Kayakers4\" \/><\/figure><\/div><div class=\"swiper-slide\" role=\"group\" aria-roledescription=\"slide\" aria-label=\"6 von 12\"><figure class=\"swiper-slide-inner\"><img decoding=\"async\" class=\"swiper-slide-image\" src=\"https:\/\/kcuri.ch\/site\/wp-content\/uploads\/2024\/02\/Kayakers2-150x150.jpg\" alt=\"Kayakers2\" \/><\/figure><\/div><div class=\"swiper-slide\" role=\"group\" aria-roledescription=\"slide\" aria-label=\"7 von 12\"><figure class=\"swiper-slide-inner\"><img decoding=\"async\" class=\"swiper-slide-image\" src=\"https:\/\/kcuri.ch\/site\/wp-content\/uploads\/2024\/02\/Kayakers5-150x150.jpg\" alt=\"Kayakers5\" \/><\/figure><\/div><div class=\"swiper-slide\" role=\"group\" aria-roledescription=\"slide\" aria-label=\"8 von 12\"><figure class=\"swiper-slide-inner\"><img decoding=\"async\" class=\"swiper-slide-image\" src=\"https:\/\/kcuri.ch\/site\/wp-content\/uploads\/2024\/02\/Kayakers6-150x150.jpg\" alt=\"Kayakers6\" \/><\/figure><\/div><div class=\"swiper-slide\" role=\"group\" aria-roledescription=\"slide\" aria-label=\"9 von 12\"><figure class=\"swiper-slide-inner\"><img decoding=\"async\" class=\"swiper-slide-image\" src=\"https:\/\/kcuri.ch\/site\/wp-content\/uploads\/2024\/02\/Kayakers7-150x150.jpg\" alt=\"Kayakers7\" \/><\/figure><\/div><div class=\"swiper-slide\" role=\"group\" aria-roledescription=\"slide\" aria-label=\"10 von 12\"><figure class=\"swiper-slide-inner\"><img decoding=\"async\" class=\"swiper-slide-image\" src=\"https:\/\/kcuri.ch\/site\/wp-content\/uploads\/2024\/02\/Kayakers8-150x150.jpg\" alt=\"Kayakers8\" \/><\/figure><\/div><div class=\"swiper-slide\" role=\"group\" aria-roledescription=\"slide\" aria-label=\"11 von 12\"><figure class=\"swiper-slide-inner\"><img decoding=\"async\" class=\"swiper-slide-image\" src=\"https:\/\/kcuri.ch\/site\/wp-content\/uploads\/2024\/02\/Kayakers1-150x150.jpg\" alt=\"Kayakers1\" \/><\/figure><\/div><div class=\"swiper-slide\" role=\"group\" aria-roledescription=\"slide\" aria-label=\"12 von 12\"><figure class=\"swiper-slide-inner\"><img decoding=\"async\" class=\"swiper-slide-image\" src=\"https:\/\/kcuri.ch\/site\/wp-content\/uploads\/2024\/02\/Kayaksonboard1-150x150.jpg\" alt=\"Kayaksonboard1\" \/><\/figure><\/div>\t\t\t<\/div>\n\t\t\t\t\t\t\t\t\t\t\t\t<div class=\"elementor-swiper-button elementor-swiper-button-prev\" role=\"button\" tabindex=\"0\">\n\t\t\t\t\t\t<svg aria-hidden=\"true\" class=\"e-font-icon-svg e-eicon-chevron-left\" viewBox=\"0 0 1000 1000\" xmlns=\"http:\/\/www.w3.org\/2000\/svg\"><path d=\"M646 125C629 125 613 133 604 142L308 442C296 454 292 471 292 487 292 504 296 521 308 533L604 854C617 867 629 875 646 875 663 875 679 871 692 858 704 846 713 829 713 812 713 796 708 779 692 767L438 487 692 225C700 217 708 204 708 187 708 171 704 154 692 142 675 129 663 125 646 125Z\"><\/path><\/svg>\t\t\t\t\t<\/div>\n\t\t\t\t\t<div class=\"elementor-swiper-button elementor-swiper-button-next\" role=\"button\" tabindex=\"0\">\n\t\t\t\t\t\t<svg aria-hidden=\"true\" class=\"e-font-icon-svg e-eicon-chevron-right\" viewBox=\"0 0 1000 1000\" xmlns=\"http:\/\/www.w3.org\/2000\/svg\"><path d=\"M696 533C708 521 713 504 713 487 713 471 708 454 696 446L400 146C388 133 375 125 354 125 338 125 325 129 313 142 300 154 292 171 292 187 292 204 296 221 308 233L563 492 304 771C292 783 288 800 288 817 288 833 296 850 308 863 321 871 338 875 354 875 371 875 388 867 400 854L696 533Z\"><\/path><\/svg>\t\t\t\t\t<\/div>\n\t\t\t\t\n\t\t\t\t\t\t\t\t\t<div class=\"swiper-pagination\"><\/div>\n\t\t\t\t\t\t\t\t\t<\/div>\n\t\t\t\t\t\t<\/div>\n\t\t\t\t<\/div>\n\t\t\t\t<\/div>\n\t\t<div class=\"elementor-element elementor-element-9cf7e29 e-flex e-con-boxed e-con e-child\" data-id=\"9cf7e29\" data-element_type=\"container\" data-e-type=\"container\" data-settings=\"{&quot;background_background&quot;:&quot;classic&quot;}\">\n\t\t\t\t\t<div class=\"e-con-inner\">\n\t\t\t\t<div class=\"elementor-element elementor-element-b122850 elementor-widget elementor-widget-menu-anchor\" data-id=\"b122850\" data-element_type=\"widget\" data-e-type=\"widget\" data-widget_type=\"menu-anchor.default\">\n\t\t\t\t<div class=\"elementor-widget-container\">\n\t\t\t\t\t\t\t<div class=\"elementor-menu-anchor\" id=\"kcu\"><\/div>\n\t\t\t\t\t\t<\/div>\n\t\t\t\t<\/div>\n\t\t\t\t<div class=\"elementor-element elementor-element-67e41a5 elementor-widget elementor-widget-heading\" data-id=\"67e41a5\" data-element_type=\"widget\" data-e-type=\"widget\" data-widget_type=\"heading.default\">\n\t\t\t\t<div class=\"elementor-widget-container\">\n\t\t\t\t\t<h2 class=\"elementor-heading-title elementor-size-default\">\u00dcber den KCU<\/h2>\t\t\t\t<\/div>\n\t\t\t\t<\/div>\n\t\t\t\t<div class=\"elementor-element elementor-element-3d930f3 elementor-widget elementor-widget-text-editor\" data-id=\"3d930f3\" data-element_type=\"widget\" data-e-type=\"widget\" data-widget_type=\"text-editor.default\">\n\t\t\t\t<div class=\"elementor-widget-container\">\n\t\t\t\t\t\t\t\t\t<p>Der Kanu Club Uri wurde 2008 gegr\u00fcndet. Der Kanusport ist in der Schweiz eine Randsportart, obwohl wunderbare Seen und Fl\u00fcsse ideale Voraussetzungen f\u00fcrs Paddeln bieten.<\/p><p>Ziel des Kanu Club Uri ist es, f\u00fcr den Kanusport im Kanton Uri einen gewissen organisatorischen Ramen zu schaffen und ein regelm\u00e4ssiges Clubtraining anzubieten.<\/p><p>Ein grosser Meilenstein bedeutete die Errungenschaft des <strong><em>Clublokals<\/em><\/strong> in Amsteg. Dank dem Clublokal sind die Trainingsorganisation und Logistik f\u00fcr unsere Kanutouren wesentlich angenehmer.<\/p><h3>Das Clublokal in Amsteg<\/h3><p>Der Kanu Club Uri verf\u00fcgt \u00fcber ein kleines Clublokal als Materialdepot in Amsteg direkt in Ufern\u00e4he der Reuss. Dieser Standort ist ein idealer Ausgangspunkt f\u00fcr unsere Clubtrainings.<\/p><h3>Der Vorstand<\/h3><p><strong>Pr\u00e4sident:<\/strong> Ivan Zberg<br \/><strong>Sekretariat:<\/strong> Pino Jauch<br \/><strong>Aktuar:<\/strong> Kilian Epp<br \/><strong>Kassiererin:<\/strong> Natascha Epp<br \/><strong>Technische Leitung:<\/strong> Anna Zberg, 079 261 70 57<\/p>\t\t\t\t\t\t\t\t<\/div>\n\t\t\t\t<\/div>\n\t\t\t\t\t<\/div>\n\t\t\t\t<\/div>\n\t\t<div class=\"elementor-element elementor-element-ff5f4ae e-flex e-con-boxed e-con e-child\" data-id=\"ff5f4ae\" data-element_type=\"container\" data-e-type=\"container\">\n\t\t\t\t\t<div class=\"e-con-inner\">\n\t\t\t\t<div class=\"elementor-element elementor-element-6587bc6 elementor-widget elementor-widget-menu-anchor\" data-id=\"6587bc6\" data-element_type=\"widget\" data-e-type=\"widget\" data-widget_type=\"menu-anchor.default\">\n\t\t\t\t<div class=\"elementor-widget-container\">\n\t\t\t\t\t\t\t<div class=\"elementor-menu-anchor\" id=\"news\"><\/div>\n\t\t\t\t\t\t<\/div>\n\t\t\t\t<\/div>\n\t\t\t\t<div class=\"elementor-element elementor-element-4629d9d elementor-widget elementor-widget-heading\" data-id=\"4629d9d\" data-element_type=\"widget\" data-e-type=\"widget\" data-widget_type=\"heading.default\">\n\t\t\t\t<div class=\"elementor-widget-container\">\n\t\t\t\t\t<h2 class=\"elementor-heading-title elementor-size-default\">News<\/h2>\t\t\t\t<\/div>\n\t\t\t\t<\/div>\n\t\t\t\t<div class=\"elementor-element elementor-element-869117f elementor-widget elementor-widget-wp-widget-recent-posts\" data-id=\"869117f\" data-element_type=\"widget\" data-e-type=\"widget\" data-widget_type=\"wp-widget-recent-posts.default\">\n\t\t\t\t<div class=\"elementor-widget-container\">\n\t\t\t\t\t\n\t\t\n\t\t<h5>News<\/h5>\n\t\t<ul>\n\t\t\t\t\t\t\t\t\t\t\t<li>\n\t\t\t\t\t<a href=\"https:\/\/kcuri.ch\/site\/2024\/12\/24\/programm-2025\/\">Programm 2026<\/a>\n\t\t\t\t\t\t\t\t\t\t\t<span class=\"post-date\">24. Dezember 2024<\/span>\n\t\t\t\t\t\t\t\t\t<\/li>\n\t\t\t\t\t\t\t\t\t\t\t<li>\n\t\t\t\t\t<a href=\"https:\/\/kcuri.ch\/site\/2024\/09\/29\/titelseite-im-uw\/\">Titelseite im UW<\/a>\n\t\t\t\t\t\t\t\t\t\t\t<span class=\"post-date\">29. September 2024<\/span>\n\t\t\t\t\t\t\t\t\t<\/li>\n\t\t\t\t\t\t\t\t\t\t\t<li>\n\t\t\t\t\t<a href=\"https:\/\/kcuri.ch\/site\/2024\/08\/11\/wind-week\/\">Wind Week<\/a>\n\t\t\t\t\t\t\t\t\t\t\t<span class=\"post-date\">11. August 2024<\/span>\n\t\t\t\t\t\t\t\t\t<\/li>\n\t\t\t\t\t\t\t\t\t\t\t<li>\n\t\t\t\t\t<a href=\"https:\/\/kcuri.ch\/site\/2024\/06\/09\/playbooting-camp\/\">Playbooting Camp<\/a>\n\t\t\t\t\t\t\t\t\t\t\t<span class=\"post-date\">9. Juni 2024<\/span>\n\t\t\t\t\t\t\t\t\t<\/li>\n\t\t\t\t\t<\/ul>\n\n\t\t\t\t\t\t<\/div>\n\t\t\t\t<\/div>\n\t\t\t\t\t<\/div>\n\t\t\t\t<\/div>\n\t\t\t\t<\/div>\n\t\t\t\t<\/div>\n\t\t","protected":false},"excerpt":{"rendered":"<p>Herzlich willkommen beim Kanu Club Uri Der Kanu Club Uri ist ein kleiner, sehr famili\u00e4rer Kanusportverein im Herzen der Zentralschweiz. Der malerische Urnersee und die abenteuerliche Reuss bieten optimale Voraussetzungen f\u00fcr den Kanusport. Unser Kajakfokus liegt auf dem Wildwasser-Breitensport und Playboating. Tolle Outdoor- und Natur- Erlebnisse und der Spass stehen im Vordergrund. Unsere Clubtrainings finden&hellip;&nbsp;<a href=\"https:\/\/kcuri.ch\/site\/\" rel=\"bookmark\">Weiterlesen &raquo;<span class=\"screen-reader-text\">Home<\/span><\/a><\/p>\n","protected":false},"author":2,"featured_media":0,"parent":0,"menu_order":0,"comment_status":"closed","ping_status":"closed","template":"","meta":{"neve_meta_sidebar":"default","neve_meta_container":"default","neve_meta_enable_content_width":"on","neve_meta_content_width":100,"neve_meta_title_alignment":"","neve_meta_author_avatar":"","neve_post_elements_order":"","neve_meta_disable_header":"","neve_meta_disable_footer":"on","neve_meta_disable_title":"on","_themeisle_gutenberg_block_has_review":false,"footnotes":""},"class_list":["post-309","page","type-page","status-publish","hentry"],"_links":{"self":[{"href":"https:\/\/kcuri.ch\/site\/wp-json\/wp\/v2\/pages\/309","targetHints":{"allow":["GET"]}}],"collection":[{"href":"https:\/\/kcuri.ch\/site\/wp-json\/wp\/v2\/pages"}],"about":[{"href":"https:\/\/kcuri.ch\/site\/wp-json\/wp\/v2\/types\/page"}],"author":[{"embeddable":true,"href":"https:\/\/kcuri.ch\/site\/wp-json\/wp\/v2\/users\/2"}],"replies":[{"embeddable":true,"href":"https:\/\/kcuri.ch\/site\/wp-json\/wp\/v2\/comments?post=309"}],"version-history":[{"count":136,"href":"https:\/\/kcuri.ch\/site\/wp-json\/wp\/v2\/pages\/309\/revisions"}],"predecessor-version":[{"id":664,"href":"https:\/\/kcuri.ch\/site\/wp-json\/wp\/v2\/pages\/309\/revisions\/664"}],"wp:attachment":[{"href":"https:\/\/kcuri.ch\/site\/wp-json\/wp\/v2\/media?parent=309"}],"curies":[{"name":"wp","href":"https:\/\/api.w.org\/{rel}","templated":true}]}}